{"id":39,"date":"2015-03-26T18:17:56","date_gmt":"2015-03-26T18:17:56","guid":{"rendered":"http:\/\/blaue-grotte.org\/?page_id=39"},"modified":"2018-11-12T13:29:42","modified_gmt":"2018-11-12T13:29:42","slug":"spezialevents-2","status":"publish","type":"page","link":"https:\/\/blaue-grotte.org\/?page_id=39","title":{"rendered":"Spezialevents"},"content":{"rendered":"<p>&nbsp;<\/p>\n<p><span style=\"color: #ff0000;\"><strong>Tel. : 06784 2392<\/strong><\/span><\/p>\n<p><span style=\"color: #ff0000;\">W\u00fcrfelsport :<\/span><\/p>\n<p>Die Blaue Grotte steht seit jeher in engem Kontakt zur W\u00fcrfelschule<span style=\"text-decoration: underline;\"> &#8222;<span style=\"color: #000080; text-decoration: underline;\"><strong>Dice International<\/strong><\/span>&#8222;<\/span> wo besonders talentierte Jungw\u00fcrfler die bestm\u00f6glichste Ausbildung erhalten. So ergibt es sich sehr h\u00e4ufig ganz von selbst, da\u00df am Tresen, Stammtisch oder an den Stehtischen kleinere oder auch gr\u00f6\u00dfere W\u00fcrfelevents entstehen. Dies ist nat\u00fcrlich eine gute Gelegenheit f\u00fcr junge Nachwuchsw\u00fcrfler sich in der Praxis zu etablieren.<\/p>\n<p><a href=\"https:\/\/blaue-grotte.org\/wp-content\/uploads\/2015\/03\/Verlierer1.png\"><img loading=\"lazy\" decoding=\"async\" class=\"alignnone size-full wp-image-832\" src=\"https:\/\/blaue-grotte.org\/wp-content\/uploads\/2015\/03\/Verlierer1.png\" alt=\"Verlierer1\" width=\"190\" height=\"265\" \/><\/a><\/p>\n<p>Leider \u00fcbersch\u00e4tzen viele Jungw\u00fcrfler Ihre F\u00e4higkeiten, was oft in einem Desaster endet. Um dies zu vermeiden sind die\u00a0speziell\u00a0geschulten Mitarbeiter der<strong><span style=\"color: #0000ff;\"> Blauen Grotte<\/span> <\/strong>angewiesen fr\u00fchzeitig Verwarnungen zu erteilen, was im Wesentlichen nur dem Wohle des W\u00fcrflers dient und diesen in keinster Weise diskriminieren sollte.<\/p>\n<p><a href=\"https:\/\/blaue-grotte.org\/wp-content\/uploads\/2015\/03\/\u00c4rger.png\"><img loading=\"lazy\" decoding=\"async\" class=\"alignnone wp-image-852\" src=\"https:\/\/blaue-grotte.org\/wp-content\/uploads\/2015\/03\/\u00c4rger.png\" alt=\"\u00c4rger\" width=\"201\" height=\"277\" \/><\/a><\/p>\n<p>&nbsp;<\/p>\n<p>Immer wieder Schwierigkeiten bereiten die emotionalen Wutausbr\u00fcche unerfahrener W\u00fcrfler nachdem sie, eigentlich erwartungsgem\u00e4\u00df, verloren haben. Dies \u00e4u\u00dfert sich durch Reaktionen wie zum Beispiel :<\/p>\n<p>Das wutentbrannte Wegschleudern des W\u00fcrfelbechers.<\/p>\n<p>Der Gebrauch von v\u00f6llig unsachgem\u00e4\u00dfen Schimpfw\u00f6rtern.<\/p>\n<p>Total unanst\u00e4ndiges Verhalten bei der Siegerehrung nach dem Spiel.<\/p>\n<p>All dies kann verhindert werden. Hierzu empfiehlt<span style=\"text-decoration: underline;\"><span style=\"color: #0000ff; text-decoration: underline;\"> &#8222;Dice International&#8220;<\/span><\/span> ein regelm\u00e4\u00dfiges meditatives, spirituelles Spezialtrainig. Diesbez\u00fcglich gef\u00e4hrtete W\u00fcrfler sollten sich rechtzeitig um einen Trainingsplatz k\u00fcmmern und sich dann dort regelm\u00e4\u00dfig und flei\u00dfig arrangieren.<\/p>\n","protected":false},"excerpt":{"rendered":"<p>&nbsp; Tel. : 06784 2392 W\u00fcrfelsport : Die Blaue Grotte steht seit jeher in engem Kontakt zur W\u00fcrfelschule &#8222;Dice International&#8222; wo besonders talentierte Jungw\u00fcrfler die bestm\u00f6glichste Ausbildung erhalten. So ergibt <a class=\"more-link\" href=\"https:\/\/blaue-grotte.org\/?page_id=39\">Continue Reading &amp;rarr;<\/a><\/p>\n","protected":false},"author":1,"featured_media":0,"parent":0,"menu_order":0,"comment_status":"open","ping_status":"open","template":"","meta":{"footnotes":""},"class_list":["post-39","page","type-page","status-publish","hentry"],"_links":{"self":[{"href":"https:\/\/blaue-grotte.org\/index.php?rest_route=\/wp\/v2\/pages\/39","targetHints":{"allow":["GET"]}}],"collection":[{"href":"https:\/\/blaue-grotte.org\/index.php?rest_route=\/wp\/v2\/pages"}],"about":[{"href":"https:\/\/blaue-grotte.org\/index.php?rest_route=\/wp\/v2\/types\/page"}],"author":[{"embeddable":true,"href":"https:\/\/blaue-grotte.org\/index.php?rest_route=\/wp\/v2\/users\/1"}],"replies":[{"embeddable":true,"href":"https:\/\/blaue-grotte.org\/index.php?rest_route=%2Fwp%2Fv2%2Fcomments&post=39"}],"version-history":[{"count":15,"href":"https:\/\/blaue-grotte.org\/index.php?rest_route=\/wp\/v2\/pages\/39\/revisions"}],"predecessor-version":[{"id":4247,"href":"https:\/\/blaue-grotte.org\/index.php?rest_route=\/wp\/v2\/pages\/39\/revisions\/4247"}],"wp:attachment":[{"href":"https:\/\/blaue-grotte.org\/index.php?rest_route=%2Fwp%2Fv2%2Fmedia&parent=39"}],"curies":[{"name":"wp","href":"https:\/\/api.w.org\/{rel}","templated":true}]}}