{"id":24,"date":"2015-03-26T10:48:03","date_gmt":"2015-03-26T10:48:03","guid":{"rendered":"http:\/\/blaue-grotte.org\/?page_id=24"},"modified":"2026-03-12T19:33:50","modified_gmt":"2026-03-12T19:33:50","slug":"speisekarte","status":"publish","type":"page","link":"https:\/\/blaue-grotte.org\/?page_id=24","title":{"rendered":"Speisekarte"},"content":{"rendered":"<p><span style=\"color: #ff0000;\"><strong>Tel. : 06784 2392<\/strong><\/span><\/p>\n<p><em><strong>Speisekarte<\/strong><\/em><\/p>\n<h1><span style=\"color: #ff6600;\">Vorspeisen<\/span><\/h1>\n<pre><em><strong><span style=\"color: #993300;\">Zwiebelsuppe mit K\u00e4se \u00fcberbacken<\/span>                                      4,90 <span style=\"color: #0000ff;\">Euro<\/span><\/strong><\/em><\/pre>\n<h1><span style=\"color: #008000;\">Salate \u00a0\u00a0<\/span><\/h1>\n<pre><em><strong>Gemischter Salat\n<\/strong><\/em><em><strong><span style=\"color: #008000;\">Gemischter Salat klein, mit Sahneso\u00dfe<\/span>                                 5,00 <span style=\"color: #0000ff;\">Euro\n<span style=\"color: #000000;\"><span style=\"color: #008000;\">Gemischter Salat klein, mit Essig,-\u00d6lso\u00dfe<\/span>                             5,00 <span style=\"color: #0000ff;\">Euro\n<\/span><\/span><\/span><\/strong><\/em><em><strong><span style=\"color: #008000;\">Gemischter Salat gro\u00df, mit Sahneso\u00dfe<\/span>                                  8,50 <span style=\"color: #0000ff;\">Euro\n<\/span><\/strong><\/em><em><strong><span style=\"color: #008000;\">Gemischter Salat gro\u00df, mit Essig,-\u00d6lso\u00dfe<\/span>                              8,50 <span style=\"color: #0000ff;\">Euro\n\n<span style=\"color: #000000;\">Italienischer Salat\n<span style=\"color: #339966;\">Italienischer Salat klein, mit Sahneso\u00dfe                              8,5<span style=\"color: #000000;\">0 <span style=\"color: #0000ff;\">Euro\n<\/span><\/span><\/span><\/span><span style=\"color: #339966;\">Italienischer Salat klein, mit Essig,-\u00d6lso\u00dfe                          8,5<span style=\"color: #000000;\">0 <span style=\"color: #0000ff;\">Euro\n<span style=\"color: #339966;\">Italienischer Salat gro\u00df, mit Sahneso\u00dfe                              11,0<span style=\"color: #000000;\">0 <span style=\"color: #0000ff;\">Euro\n<span style=\"color: #339966;\">Italienischer Salat gro\u00df, mit Essig,-\u00d6lso\u00dfe                          11,0<span style=\"color: #000000;\">0 <span style=\"color: #0000ff;\">Euro\n\n<span style=\"color: #000000;\">Nizzasalat\n<\/span><span style=\"color: #008080;\">Nizzasalat klein, mit Sahneso\u00dfe                                       8,5<span style=\"color: #000000;\">0 <span style=\"color: #0000ff;\">Euro\n<span style=\"color: #008080;\">Nizzasalat klein, mit Essig,-\u00d6lso\u00dfe                                   8,5<span style=\"color: #000000;\">0 <span style=\"color: #0000ff;\">Euro\n<span style=\"color: #008080;\">Nizzasalat gro\u00df, mit Sahneso\u00dfe                                       11,0<span style=\"color: #000000;\">0 <span style=\"color: #0000ff;\">Euro\n<\/span><span style=\"color: #339966;\">Nizzasalat gro\u00df, mit Essig,-\u00d6lso\u00dfe<\/span>                                   11,00 <span style=\"color: #0000ff;\">Euro\n<\/span>\n<span style=\"color: #00ccff;\">Blaue Grotte Salat\nBlaue Grotte Salat klein, mit Sahneso\u00df<\/span>e                               8,50 Euro\n<\/span><\/span><\/span><\/span><\/span><\/span><\/span><\/span><\/span><\/span><\/span><\/span><\/span><\/span><\/span><\/span><\/span><span style=\"color: #33cccc;\">Blaue Grotte Salat klein, mit Essig,-\u00d6lso\u00dfe                          <span style=\"color: #000000;\"> 8,50 Euro\nBlaue Grotte Salat gro\u00df, mit Sahneso\u00dfe                               11,00 Euro\nBlaue Grotte Salat gro\u00df, mit Essig,-\u00d6lso\u00dfe                           11,0 Euro\n\n<\/span><\/span><\/span><\/strong><\/em><\/pre>\n<p><!--more--><\/p>\n<pre><em><strong><span style=\"color: #000080;\">Kleine Gerichte\n<\/span><\/strong><\/em><em><strong>Cheeseburger \u00a0 \u00a0 \u00a0 \u00a0 \u00a0 \u00a0 \u00a0 \u00a0 \u00a0 \u00a0 \u00a0 \u00a0 \u00a0 \u00a0 \u00a0 \u00a0 \u00a0 \u00a0 \u00a0 \u00a0 \u00a0 \u00a0 \u00a0 \u00a0 \u00a0 \u00a0 \u00a0 \u00a0  4,5<span style=\"color: #000000;\">0 <\/span><span style=\"color: #0000ff;\">Euro\n<span style=\"color: #000000;\">Vegetarischer Burger\t\t\t\t                      <\/span>4,5<span style=\"color: #000000;\">0 Euro<\/span>\n<\/span><span style=\"color: #333300;\">Knoblauchbrot<span style=\"color: #333300;\">                                                         4,50 <span style=\"color: #0000ff;\">Euro\n<\/span><\/span><\/span><span style=\"color: #000000;\"><span style=\"color: #333300;\">Portion Pommes Frites                                                 4,00 <span style=\"color: #0000ff;\">Euro\n<span style=\"color: #333300;\">Portion J\u00e4gerso\u00dfe                                                     3,50 <span style=\"color: #0000ff;\">Euro\n<span style=\"color: #333300;\">Portion Zigeunerso\u00dfe                                                  3,50 <span style=\"color: #0000ff;\">Euro\n<span style=\"color: #333300;\">Portion Pommes Frites mit J\u00e4gerso\u00dfe                                   7,50 <span style=\"color: #0000ff;\">Euro\n<span style=\"color: #333300;\">Portion Pommes Frites mit Zigeunerso\u00dfe                                7,50 <span style=\"color: #0000ff;\">Euro<\/span><\/span><\/span><\/span><\/span><\/span><\/span><\/span><\/span><\/span><span style=\"color: #0000ff;\"><span style=\"color: #ff9900;\"><span style=\"color: #000000;\"><span style=\"color: #0000ff;\">\n\n<span style=\"color: #993366;\">Mettwurst mit Br\u00f6tchen                                                4,5<span style=\"color: #000000;\">0 <span style=\"color: #0000ff;\">Euro\n<span style=\"color: #993366;\">Mettwurst mit Pommes Frites                                           8,0<span style=\"color: #000000;\">0 <span style=\"color: #0000ff;\">Euro\n<\/span><\/span><\/span><\/span><\/span><\/span><\/span><\/span><\/span><\/span><span style=\"color: #993366;\">Currywurst, Mettwurst mit Br\u00f6tchen                                    6,0<span style=\"color: #000000;\">0 <span style=\"color: #0000ff;\">Euro\n<span style=\"color: #993366;\">Currywurst, Mettwurst mit Pommes Frites                               9,0<span style=\"color: #000000;\">0 <span style=\"color: #0000ff;\">Euro<\/span><\/span><\/span><\/span><\/span><\/span>\u00a0<\/span><\/strong><\/em><\/pre>\n<p><!--more--><\/p>\n<p><em><strong><span style=\"color: #ff0000;\">Pizza, <\/span><span style=\"color: #3366ff;\">hausgemacht <\/span><span style=\"color: #008000;\">belegt nach Ihrer Wahl, <span style=\"color: #333399;\">nehmen Sie sich einen Bestellschein an der Bar <\/span><\/span><span style=\"color: #333399;\">stellen Sie sich den Belag selbst zusammen ! 9<\/span><span style=\"color: #000000;\">,50 <span style=\"color: #0000ff;\">Euro<\/span><\/span> <\/strong><\/em><\/p>\n<pre><span style=\"color: #0000ff;\"><strong><em>Schnitzel und Steaks\n\n<span style=\"color: #339966;\">Schnitzel nach Wiener Art                                            12,0<span style=\"color: #000000;\">0 <span style=\"color: #0000ff;\">Euro\n<\/span><\/span>J\u00e4gerschnitzel<span style=\"color: #000000;\">                                                       14,50 <span style=\"color: #0000ff;\">Euro\n<span style=\"color: #339966;\">Zigeunerschnitzel                                                    14,5<span style=\"color: #000000;\">0 <span style=\"color: #0000ff;\">Euro<\/span><\/span> \n<span style=\"color: #800000;\">Rumpsteak mit Kr\u00e4uterbutter                                          24,0<span style=\"color: #000000;\">0 <span style=\"color: #0000ff;\">Euro<\/span><\/span><\/span>    \n<span style=\"color: #800000;\">Rumpsteak mit Zwiebeln                                               24,0<span style=\"color: #000000;\">0 <span style=\"color: #0000ff;\">Euro \n<span style=\"color: #808000;\">Pfeffersteak                                                         26,0<span style=\"color: #000000;\">0 <span style=\"color: #0000ff;\">Euro<\/span><\/span><\/span>  \n\n<span style=\"color: #000080;\">Nudelgerichte\n<span style=\"color: #008000;\">Spaghetti mit Butter und Tomatenso\u00dfe                                  8<span style=\"color: #000000;\">,50 <span style=\"color: #0000ff;\">Euro\n<\/span><\/span><\/span><\/span><\/span><\/span><\/span>Spaghetti mit Speck, Butter und Tomatenso\u00dfe                           8,9<span style=\"color: #000000;\">0 <span style=\"color: #0000ff;\">Euro\n<span style=\"color: #008000;\">Spaghetti mit Hackfleisch und Tomatenso\u00dfe                            11,0<span style=\"color: #000000;\">0 <span style=\"color: #0000ff;\">Euro \n<\/span><\/span><\/span><\/span><\/span><\/span><\/span><\/span><\/span><\/em><\/strong><\/span><\/pre>\n<pre><span style=\"color: #0000ff;\"><strong><em><span style=\"color: #339966;\"><span style=\"color: #000000;\"><span style=\"color: #800000;\"><span style=\"color: #000080;\"><span style=\"color: #008000;\">Spaghetti mit Butter und Tomatenso\u00dfe,\nmit K\u00e4se \u00fcberbacken                                                   9<span style=\"color: #000000;\">,50 <span style=\"color: #0000ff;\">Euro\n<span style=\"color: #339966;\">Spaghetti mit Speck, Butter und Tomatenso\u00dfe,\n<\/span><span style=\"color: #339966;\">mit K\u00e4se \u00fcberbacken                                                   9,9<span style=\"color: #000000;\">0 <span style=\"color: #0000ff;\">Euro\n<span style=\"color: #008000;\">Spaghetti mit Hackfleisch und Tomatenso\u00dfe,\n<\/span><\/span><\/span><\/span><span style=\"color: #008000;\">mit K\u00e4se \u00fcberbacken                                                  12,0<span style=\"color: #000000;\">0 <span style=\"color: #0000ff;\">Euro\n\n<span style=\"color: #0000ff;\">Bratkartoffeln\n<span style=\"color: #800000;\">mit Speck und zwei Spiegeleiern                                      11,0<span style=\"color: #000000;\">0 <span style=\"color: #0000ff;\">Euro\n\n<span style=\"color: #0000ff;\">Nachspeisen\n<\/span><\/span><\/span><\/span><\/span><\/span><\/span><\/span><span style=\"color: #00ccff;\">Vanilleeis ohne Sahne, 3 Kugeln                                       4<span style=\"color: #000000;\">,90 <span style=\"color: #0000ff;\">Euro\n<span style=\"color: #00ffff;\">Vanilleeis mit Sahne, 3 Kugeln                                        5<span style=\"color: #000000;\">,90 <span style=\"color: #0000ff;\">Euro\n\n<span style=\"color: #993300;\">Camembert\n<\/span><\/span><\/span><\/span><\/span><\/span><\/span><span style=\"color: #993300;\">gebacken und mit Preiselbeeren angerichtet                            8,0<span style=\"color: #000000;\">0 <span style=\"color: #0000ff;\">Euro\n<\/span><\/span><\/span>\n<\/span><\/span><\/span><\/span><\/span><\/span><\/span><\/em><\/strong><\/span><\/pre>\n","protected":false},"excerpt":{"rendered":"<p>Tel. : 06784 2392 Speisekarte Vorspeisen Zwiebelsuppe mit K\u00e4se \u00fcberbacken 4,90 Euro Salate \u00a0\u00a0 Gemischter Salat Gemischter Salat klein, mit Sahneso\u00dfe 5,00 Euro Gemischter Salat klein, mit Essig,-\u00d6lso\u00dfe 5,00 Euro <a class=\"more-link\" href=\"https:\/\/blaue-grotte.org\/?page_id=24\">Continue Reading &amp;rarr;<\/a><\/p>\n","protected":false},"author":1,"featured_media":0,"parent":0,"menu_order":0,"comment_status":"open","ping_status":"open","template":"","meta":{"footnotes":""},"class_list":["post-24","page","type-page","status-publish","hentry"],"_links":{"self":[{"href":"https:\/\/blaue-grotte.org\/index.php?rest_route=\/wp\/v2\/pages\/24","targetHints":{"allow":["GET"]}}],"collection":[{"href":"https:\/\/blaue-grotte.org\/index.php?rest_route=\/wp\/v2\/pages"}],"about":[{"href":"https:\/\/blaue-grotte.org\/index.php?rest_route=\/wp\/v2\/types\/page"}],"author":[{"embeddable":true,"href":"https:\/\/blaue-grotte.org\/index.php?rest_route=\/wp\/v2\/users\/1"}],"replies":[{"embeddable":true,"href":"https:\/\/blaue-grotte.org\/index.php?rest_route=%2Fwp%2Fv2%2Fcomments&post=24"}],"version-history":[{"count":42,"href":"https:\/\/blaue-grotte.org\/index.php?rest_route=\/wp\/v2\/pages\/24\/revisions"}],"predecessor-version":[{"id":4319,"href":"https:\/\/blaue-grotte.org\/index.php?rest_route=\/wp\/v2\/pages\/24\/revisions\/4319"}],"wp:attachment":[{"href":"https:\/\/blaue-grotte.org\/index.php?rest_route=%2Fwp%2Fv2%2Fmedia&parent=24"}],"curies":[{"name":"wp","href":"https:\/\/api.w.org\/{rel}","templated":true}]}}