{"id":2,"date":"2015-03-25T22:32:22","date_gmt":"2015-03-25T22:32:22","guid":{"rendered":"http:\/\/cms02582.apps-1and1.net\/?page_id=2"},"modified":"2025-11-23T15:49:59","modified_gmt":"2025-11-23T15:49:59","slug":"home","status":"publish","type":"page","link":"https:\/\/blaue-grotte.org\/","title":{"rendered":"Willkommen auf der Startseite der Blauen Grotte"},"content":{"rendered":"\n<p><span class=\"has-inline-color has-vivid-red-color\"><strong>Die Blaue Grotte \u00f6ffnet t\u00e4glich ab 17:00Uhr. Kein Ruhetag !!<\/strong><\/span><\/p>\n\n\n<p><span style=\"color: #ff0000;\"><strong>Tel. : 06784 2392 !!!<\/strong><\/span><\/p>\n<p>\u00d6ffnungszeiten :<\/p>\n<p><strong>An den folgenden Tagen ( auch an Silvester und Neujahr ) gelten die ganz normalen \u00d6ffnungszeiten.<\/strong><\/p>\n<p><strong><span style=\"color: #ff0000;\">An Sonntagen ist die <span style=\"color: #0000ff;\">Blaue Grotte<\/span> bereits ab 13:00 zwecks Billardtraining ge\u00f6ffnet !<\/span><\/strong><span style=\"color: #3366ff;\"><span style=\"color: #ff0000;\">.<\/span><\/span><\/p>\n<p>Montag bis Donnerstag von 17:00 &#8211; 00:00 Uhr \/\/\/ Die K\u00fcche ist bis 00:00 Uhr ge\u00f6ffnet<\/p>\n<p>Freitag und Samstag von 17:00 &#8211; 02:00 Uhr \/\/\/ Die K\u00fcche ist bis 00:00 Uhr ge\u00f6ffnet<\/p>\n<pre><em><strong>Sonntags von 15:00 - 00:00 Uhr offiziell ge\u00f6ffnet \/\/\/ \nDie K\u00fcche ist ab 17:00 bis 00:00 Uhr  \nge\u00f6ffnet .\n\n<span style=\"color: #ff0000;\">An Feiertagen gelten diese \u00d6ffnungszeiten auch !!<\/span><\/strong><\/em>\n<a href=\"https:\/\/blaue-grotte.org\/wp-content\/uploads\/2015\/03\/flipper-star-wars-.jpg\"><img loading=\"lazy\" decoding=\"async\" class=\"alignnone size-medium wp-image-2804\" src=\"https:\/\/blaue-grotte.org\/wp-content\/uploads\/2015\/03\/flipper-star-wars--300x300.jpg\" alt=\"\" width=\"300\" height=\"300\" srcset=\"https:\/\/blaue-grotte.org\/wp-content\/uploads\/2015\/03\/flipper-star-wars--300x300.jpg 300w, https:\/\/blaue-grotte.org\/wp-content\/uploads\/2015\/03\/flipper-star-wars--150x150.jpg 150w, https:\/\/blaue-grotte.org\/wp-content\/uploads\/2015\/03\/flipper-star-wars-.jpg 450w\" sizes=\"auto, (max-width: 300px) 100vw, 300px\" \/><\/a>\n<span style=\"color: #3366ff;\"><strong>Der neuste Stern-Flipper steht in der Blauen Grotte !!!\n<\/strong><\/span><\/pre>","protected":false},"excerpt":{"rendered":"<p>Die Blaue Grotte \u00f6ffnet t\u00e4glich ab 17:00Uhr. Kein Ruhetag !! Tel. : 06784 2392 !!! \u00d6ffnungszeiten : An den folgenden Tagen ( auch an Silvester und Neujahr ) gelten die <a class=\"more-link\" href=\"https:\/\/blaue-grotte.org\/\">Continue Reading &amp;rarr;<\/a><\/p>\n","protected":false},"author":1,"featured_media":0,"parent":0,"menu_order":0,"comment_status":"open","ping_status":"closed","template":"","meta":{"footnotes":""},"class_list":["post-2","page","type-page","status-publish","hentry"],"_links":{"self":[{"href":"https:\/\/blaue-grotte.org\/index.php?rest_route=\/wp\/v2\/pages\/2","targetHints":{"allow":["GET"]}}],"collection":[{"href":"https:\/\/blaue-grotte.org\/index.php?rest_route=\/wp\/v2\/pages"}],"about":[{"href":"https:\/\/blaue-grotte.org\/index.php?rest_route=\/wp\/v2\/types\/page"}],"author":[{"embeddable":true,"href":"https:\/\/blaue-grotte.org\/index.php?rest_route=\/wp\/v2\/users\/1"}],"replies":[{"embeddable":true,"href":"https:\/\/blaue-grotte.org\/index.php?rest_route=%2Fwp%2Fv2%2Fcomments&post=2"}],"version-history":[{"count":37,"href":"https:\/\/blaue-grotte.org\/index.php?rest_route=\/wp\/v2\/pages\/2\/revisions"}],"predecessor-version":[{"id":4316,"href":"https:\/\/blaue-grotte.org\/index.php?rest_route=\/wp\/v2\/pages\/2\/revisions\/4316"}],"wp:attachment":[{"href":"https:\/\/blaue-grotte.org\/index.php?rest_route=%2Fwp%2Fv2%2Fmedia&parent=2"}],"curies":[{"name":"wp","href":"https:\/\/api.w.org\/{rel}","templated":true}]}}